{"id":75,"date":"2025-07-05T16:43:06","date_gmt":"2025-07-05T16:43:06","guid":{"rendered":"https:\/\/tussimadrid.com\/?page_id=75"},"modified":"2025-11-19T14:35:49","modified_gmt":"2025-11-19T14:35:49","slug":"contacto-threema-encriptado","status":"publish","type":"page","link":"https:\/\/tussimadrid.com\/index.php\/contacto-threema-encriptado\/","title":{"rendered":"Contacto THREEMA \u2013 Encriptado"},"content":{"rendered":"<div class=\"post-thumbnail-wrapper\"><img loading=\"lazy\" decoding=\"async\" class=\"aligncenter wp-post-image\" src=\"https:\/\/xtcmadrid.com\/wp-content\/uploads\/2025\/07\/threema3-1024x576.jpg\" sizes=\"auto, (max-width: 800px) 100vw, 800px\" srcset=\"https:\/\/xtcmadrid.com\/wp-content\/uploads\/2025\/07\/threema3-1024x576.jpg 1024w, https:\/\/xtcmadrid.com\/wp-content\/uploads\/2025\/07\/threema3-300x169.jpg 300w, https:\/\/xtcmadrid.com\/wp-content\/uploads\/2025\/07\/threema3-768x432.jpg 768w, https:\/\/xtcmadrid.com\/wp-content\/uploads\/2025\/07\/threema3-1536x864.jpg 1536w, https:\/\/xtcmadrid.com\/wp-content\/uploads\/2025\/07\/threema3.jpg 1920w\" alt=\"\" width=\"800\" height=\"450\" \/><\/div>\n<p><strong>A partir del 05-07-2025 por cuestiones de seguridad, problemas con Telegram, lentitud de Signal.<\/strong><\/p>\n<p>&nbsp;<\/p>\n<p>+34617763108 \u2013 Threema: <strong>nuestro usuario: CJBZ5SZX<\/strong><\/p>\n<p>&nbsp;<\/p>\n<p><strong>DESCARGAR threema: http:\/\/shop.threema.ch \u2013 Comprar licencia de Threema por 6 euros DE POR VIDA.<\/strong><\/p>\n<p>&nbsp;<\/p>\n<p>&nbsp;<\/p>\n<hr \/>\n<div class=\"WaaZC\">\n<div class=\"rPeykc\" data-hveid=\"CB8QAQ\" data-ved=\"2ahUKEwj25tTBhqaOAxX6TDABHWMfHzwQo_EKegQIHxAB\">\n<p><span data-huuid=\"17903664752788059292\">Threema es una\u00a0<mark class=\"QVRyCf\">aplicaci\u00f3n de mensajer\u00eda segura y centrada en la privacidad<\/mark>, que se destaca por su cifrado de extremo a extremo y la ausencia de requerimientos de informaci\u00f3n personal para su uso.\u00a0<\/span><span data-huuid=\"17903664752788061859\">A diferencia de otras aplicaciones, Threema no requiere un n\u00famero de tel\u00e9fono ni correo electr\u00f3nico para crear una cuenta, utilizando en su lugar un ID \u00fanico generado aleatoriamente.<span class=\"pjBG2e\" data-cid=\"3d26c217-36ee-4e7e-bebb-b8c1fb49181d\"><span class=\"UV3uM\">\u00a0<\/span><\/span><\/span><\/p>\n<div class=\"NPrrbc\" data-cid=\"3d26c217-36ee-4e7e-bebb-b8c1fb49181d\" data-uuids=\"17903664752788059292,17903664752788061859\">\n<div class=\"BMebGe btku5b fCrZyc LwdV0e FR7ZSc OJeuxf\" tabindex=\"0\" role=\"button\" aria-label=\"Ver v\u00ednculos relacionados\" data-hveid=\"CDgQAQ\" data-ved=\"2ahUKEwj25tTBhqaOAxX6TDABHWMfHzwQ3fYKegQIOBAB\">\n<div class=\"niO4u\">\n<div class=\"kHtcsd\"><\/div>\n<\/div>\n<\/div>\n<\/div>\n<\/div>\n<\/div>\n<div class=\"WaaZC\">\n<div class=\"rPeykc pyPiTc\" data-hveid=\"CBgQAQ\" data-ved=\"2ahUKEwj25tTBhqaOAxX6TDABHWMfHzwQo_EKegQIGBAB\"><span data-huuid=\"17903664752788058801\">Caracter\u00edsticas principales de Threema:<\/span><\/div>\n<\/div>\n<div class=\"WaaZC\">\n<ul data-hveid=\"CDkQAQ\" data-ved=\"2ahUKEwj25tTBhqaOAxX6TDABHWMfHzwQm_YKegQIORAB\">\n<li>\n<ul data-hveid=\"CDkQAQ\" data-ved=\"2ahUKEwj25tTBhqaOAxX6TDABHWMfHzwQm_YKegQIORAB\">\n<li class=\"K3KsMc\">\n<div class=\"zMgcWd dSKvsb\" data-il=\"\">\n<div data-crb-p=\"\">\n<div class=\"xFTqob\">\n<div class=\"Gur8Ad\"><span data-huuid=\"17903664752788058310\"><strong>Cifrado de extremo a extremo:<\/strong><\/span><\/div>\n<div class=\"vM0jzc\">\n<p><span data-huuid=\"17903664752788060877\">Todos los mensajes, llamadas y archivos compartidos est\u00e1n protegidos por cifrado, asegurando que solo el remitente y el destinatario puedan acceder al contenido.<span class=\"pjBG2e\" data-cid=\"59f4c486-6965-4b17-b6fe-132f7090f508\"><span class=\"UV3uM\">\u00a0<\/span><\/span><\/span><\/p>\n<div class=\"NPrrbc\" data-cid=\"59f4c486-6965-4b17-b6fe-132f7090f508\" data-uuids=\"17903664752788058310,17903664752788060877\">\n<div class=\"BMebGe btku5b fCrZyc LwdV0e FR7ZSc OJeuxf\" tabindex=\"0\" role=\"button\" aria-label=\"Ver v\u00ednculos relacionados\" data-hveid=\"CDYQAQ\" data-ved=\"2ahUKEwj25tTBhqaOAxX6TDABHWMfHzwQ3fYKegQINhAB\">\n<div class=\"niO4u\">\n<div class=\"kHtcsd\"><\/div>\n<\/div>\n<\/div>\n<\/div>\n<\/div>\n<\/div>\n<\/div>\n<\/div>\n<\/li>\n<\/ul>\n<\/li>\n<\/ul>\n<div id=\"CUdpaLa-MPqZwbkP47784AM__81\" class=\"bsmXxe\">\n<ul>\n<li class=\"K3KsMc\">\n<div class=\"zMgcWd dSKvsb\" data-il=\"\">\n<div data-crb-p=\"\">\n<div class=\"xFTqob\">\n<div class=\"Gur8Ad\"><span data-huuid=\"17903664752788061915\"><strong>Privacidad por dise\u00f1o:<\/strong><\/span><\/div>\n<div class=\"vM0jzc\">\n<p><span data-huuid=\"17903664752788060386\">No requiere n\u00famero de tel\u00e9fono ni correo electr\u00f3nico para crear una cuenta, protegiendo la identidad del usuario.<span class=\"pjBG2e\" data-cid=\"29ae90ba-7938-4169-bf3c-1c90eb216c5e\"><span class=\"UV3uM\">\u00a0<\/span><\/span><\/span><\/p>\n<div class=\"NPrrbc\" data-cid=\"29ae90ba-7938-4169-bf3c-1c90eb216c5e\" data-uuids=\"17903664752788061915,17903664752788060386\">\n<div class=\"BMebGe btku5b fCrZyc LwdV0e FR7ZSc OJeuxf\" tabindex=\"0\" role=\"button\" aria-label=\"Ver v\u00ednculos relacionados\" data-hveid=\"CKABEAE\" data-ved=\"2ahUKEwj25tTBhqaOAxX6TDABHWMfHzwQ3fYKegUIoAEQAQ\">\n<div class=\"niO4u\">\n<div class=\"kHtcsd\"><\/div>\n<\/div>\n<\/div>\n<\/div>\n<\/div>\n<\/div>\n<\/div>\n<\/div>\n<\/li>\n<\/ul>\n<\/div>\n<div id=\"CUdpaLa-MPqZwbkP47784AM__86\" class=\"bsmXxe\">\n<ul>\n<li class=\"K3KsMc\">\n<div class=\"zMgcWd dSKvsb\" data-il=\"\">\n<div data-crb-p=\"\">\n<div class=\"xFTqob\">\n<div class=\"Gur8Ad\"><span data-huuid=\"17903664752788061424\"><strong>Anonimato:<\/strong><\/span><\/div>\n<div class=\"vM0jzc\">\n<p><span data-huuid=\"17903664752788059895\">Permite la comunicaci\u00f3n sin revelar datos personales, manteniendo la privacidad del usuario.<span class=\"pjBG2e\" data-cid=\"52f384e6-0033-480b-832d-886514fce373\"><span class=\"UV3uM\">\u00a0<\/span><\/span><\/span><\/p>\n<div class=\"NPrrbc\" data-cid=\"52f384e6-0033-480b-832d-886514fce373\" data-uuids=\"17903664752788061424,17903664752788059895\">\n<div class=\"BMebGe btku5b fCrZyc LwdV0e FR7ZSc OJeuxf\" tabindex=\"0\" role=\"button\" aria-label=\"Ver v\u00ednculos relacionados\" data-hveid=\"CJoBEAE\" data-ved=\"2ahUKEwj25tTBhqaOAxX6TDABHWMfHzwQ3fYKegUImgEQAQ\">\n<div class=\"niO4u\">\n<div class=\"kHtcsd\"><\/div>\n<\/div>\n<\/div>\n<\/div>\n<\/div>\n<\/div>\n<\/div>\n<\/div>\n<\/li>\n<\/ul>\n<\/div>\n<div id=\"CUdpaLa-MPqZwbkP47784AM__90\" class=\"bsmXxe\">\n<ul>\n<li class=\"K3KsMc\">\n<div class=\"zMgcWd dSKvsb\" data-il=\"\">\n<div data-crb-p=\"\">\n<div class=\"xFTqob\">\n<div class=\"Gur8Ad\"><span data-huuid=\"17903664752788060933\"><strong>C\u00f3digo abierto:<\/strong><\/span><\/div>\n<div class=\"vM0jzc\">\n<p><span data-huuid=\"17903664752788059404\">Su c\u00f3digo fuente es accesible p\u00fablicamente, promoviendo la transparencia y permitiendo auditor\u00edas de seguridad.<span class=\"pjBG2e\" data-cid=\"26ae808f-86aa-41ed-ab2b-ac1303ded34a\"><span class=\"UV3uM\">\u00a0<\/span><\/span><\/span><\/p>\n<div class=\"NPrrbc\" data-cid=\"26ae808f-86aa-41ed-ab2b-ac1303ded34a\" data-uuids=\"17903664752788060933,17903664752788059404\">\n<div class=\"BMebGe btku5b fCrZyc LwdV0e FR7ZSc OJeuxf\" tabindex=\"0\" role=\"button\" aria-label=\"Ver v\u00ednculos relacionados\" data-hveid=\"CJgBEAE\" data-ved=\"2ahUKEwj25tTBhqaOAxX6TDABHWMfHzwQ3fYKegUImAEQAQ\">\n<div class=\"niO4u\">\n<div class=\"kHtcsd\"><\/div>\n<\/div>\n<\/div>\n<\/div>\n<\/div>\n<\/div>\n<\/div>\n<\/div>\n<\/li>\n<\/ul>\n<\/div>\n<div id=\"CUdpaLa-MPqZwbkP47784AM__93\" class=\"bsmXxe\">\n<ul>\n<li class=\"K3KsMc\">\n<div class=\"zMgcWd dSKvsb\" data-il=\"\">\n<div data-crb-p=\"\">\n<div class=\"xFTqob\">\n<div class=\"Gur8Ad\"><span data-huuid=\"17903664752788060442\"><strong>Funcionalidades:<\/strong><\/span><\/div>\n<div class=\"vM0jzc\">\n<p><span data-huuid=\"17903664752788058913\">Ofrece funciones como env\u00edo de mensajes de texto y voz, llamadas de voz y video, compartir archivos y crear grupos.<span class=\"pjBG2e\" data-cid=\"ed715694-ae41-4db3-b5dd-8016089d2111\"><span class=\"UV3uM\">\u00a0<\/span><\/span><\/span><\/p>\n<div class=\"NPrrbc\" data-cid=\"ed715694-ae41-4db3-b5dd-8016089d2111\" data-uuids=\"17903664752788060442,17903664752788058913\">\n<div class=\"BMebGe btku5b fCrZyc LwdV0e FR7ZSc OJeuxf\" tabindex=\"0\" role=\"button\" aria-label=\"Ver v\u00ednculos relacionados\" data-hveid=\"CJkBEAE\" data-ved=\"2ahUKEwj25tTBhqaOAxX6TDABHWMfHzwQ3fYKegUImQEQAQ\">\n<div class=\"niO4u\">\n<div class=\"kHtcsd\"><\/div>\n<\/div>\n<\/div>\n<\/div>\n<\/div>\n<\/div>\n<\/div>\n<\/div>\n<\/li>\n<\/ul>\n<\/div>\n<div id=\"CUdpaLa-MPqZwbkP47784AM__96\" class=\"bsmXxe\">\n<ul>\n<li class=\"K3KsMc\">\n<div class=\"zMgcWd dSKvsb\" data-il=\"\">\n<div data-crb-p=\"\">\n<div class=\"xFTqob\">\n<div class=\"Gur8Ad\"><span data-huuid=\"17903664752788059951\"><strong>Threema Work:<\/strong><\/span><\/div>\n<div class=\"vM0jzc\">\n<p><span data-huuid=\"17903664752788058422\">Existe una versi\u00f3n espec\u00edfica para empresas que ofrece caracter\u00edsticas adicionales para la comunicaci\u00f3n empresarial segura.<span class=\"pjBG2e\" data-cid=\"3d80b959-edec-4f45-bd06-7b8a5ba32924\"><span class=\"UV3uM\">\u00a0<\/span><\/span><\/span><\/p>\n<div class=\"NPrrbc\" data-cid=\"3d80b959-edec-4f45-bd06-7b8a5ba32924\" data-uuids=\"17903664752788059951,17903664752788058422\">\n<div class=\"BMebGe btku5b fCrZyc LwdV0e FR7ZSc OJeuxf\" tabindex=\"0\" role=\"button\" aria-label=\"Ver v\u00ednculos relacionados\" data-hveid=\"CJcBEAE\" data-ved=\"2ahUKEwj25tTBhqaOAxX6TDABHWMfHzwQ3fYKegUIlwEQAQ\">\n<div class=\"niO4u\">\n<div class=\"kHtcsd\"><\/div>\n<\/div>\n<\/div>\n<\/div>\n<\/div>\n<\/div>\n<\/div>\n<\/div>\n<\/li>\n<\/ul>\n<\/div>\n<\/div>\n<div class=\"WaaZC\">\n<div id=\"CUdpaLa-MPqZwbkP47784AM__74\" class=\"bsmXxe\">\n<div class=\"rPeykc pyPiTc\" data-hveid=\"CIgBEAE\" data-ved=\"2ahUKEwj25tTBhqaOAxX6TDABHWMfHzwQo_EKegUIiAEQAQ\"><span data-huuid=\"17903664752788059460\">Diferencias con otras aplicaciones de mensajer\u00eda:<\/span><\/div>\n<\/div>\n<\/div>\n<div class=\"WaaZC\">\n<div id=\"CUdpaLa-MPqZwbkP47784AM__67\" class=\"bsmXxe\">\n<div id=\"CUdpaLa-MPqZwbkP47784AM__69\" class=\"bsmXxe\">\n<ul>\n<li><span data-huuid=\"17903664752788058969\">A diferencia de WhatsApp, Threema no depende de un n\u00famero de tel\u00e9fono para la creaci\u00f3n de cuentas.<span class=\"pjBG2e\" data-cid=\"a22c8ce5-e33d-4d13-b4f7-2ed1cfd9ea52\"><span class=\"UV3uM\">\u00a0<\/span><\/span><\/span>\n<div class=\"NPrrbc\" data-cid=\"a22c8ce5-e33d-4d13-b4f7-2ed1cfd9ea52\" data-uuids=\"17903664752788058969\">\n<div class=\"BMebGe btku5b fCrZyc LwdV0e FR7ZSc OJeuxf\" tabindex=\"0\" role=\"button\" aria-label=\"Ver v\u00ednculos relacionados\" data-hveid=\"COIBEAE\" data-ved=\"2ahUKEwj25tTBhqaOAxX6TDABHWMfHzwQ3fYKegUI4gEQAQ\">\n<div class=\"niO4u\">\n<div class=\"kHtcsd\"><\/div>\n<\/div>\n<\/div>\n<\/div>\n<\/li>\n<\/ul>\n<\/div>\n<div id=\"CUdpaLa-MPqZwbkP47784AM__75\" class=\"bsmXxe\">\n<ul>\n<li><span data-huuid=\"17903664752788060007\">Threema se diferencia de Signal por su modelo de negocio, ya que Threema es una aplicaci\u00f3n de pago, mientras que Signal es gratuita y se financia a trav\u00e9s de donaciones.<span class=\"pjBG2e\" data-cid=\"e0d140ba-f936-408e-8059-d48c2558228d\"><span class=\"UV3uM\">\u00a0<\/span><\/span><\/span>\n<div class=\"NPrrbc\" data-cid=\"e0d140ba-f936-408e-8059-d48c2558228d\" data-uuids=\"17903664752788060007\">\n<div class=\"BMebGe btku5b fCrZyc LwdV0e FR7ZSc OJeuxf\" tabindex=\"0\" role=\"button\" aria-label=\"Ver v\u00ednculos relacionados\" data-hveid=\"COoBEAE\" data-ved=\"2ahUKEwj25tTBhqaOAxX6TDABHWMfHzwQ3fYKegUI6gEQAQ\">\n<div class=\"niO4u\">\n<div class=\"kHtcsd\"><\/div>\n<\/div>\n<\/div>\n<\/div>\n<\/li>\n<\/ul>\n<\/div>\n<div id=\"CUdpaLa-MPqZwbkP47784AM__79\" class=\"bsmXxe\">\n<ul>\n<li><span data-huuid=\"17903664752788061045\">A diferencia de Telegram, Threema no almacena datos de usuario en servidores en la nube de forma permanente.<span class=\"pjBG2e\" data-cid=\"5d0bdd57-207b-4c46-b47f-6e8b4d364e92\"><span class=\"UV3uM\">\u00a0<\/span><\/span><\/span>\n<div class=\"NPrrbc\" data-cid=\"5d0bdd57-207b-4c46-b47f-6e8b4d364e92\" data-uuids=\"17903664752788061045\">\n<div class=\"BMebGe btku5b fCrZyc LwdV0e FR7ZSc OJeuxf\" tabindex=\"0\" role=\"button\" aria-label=\"Ver v\u00ednculos relacionados\" data-hveid=\"COgBEAE\" data-ved=\"2ahUKEwj25tTBhqaOAxX6TDABHWMfHzwQ3fYKegUI6AEQAQ\">\n<div class=\"niO4u\">\n<div class=\"kHtcsd\"><\/div>\n<\/div>\n<\/div>\n<\/div>\n<\/li>\n<\/ul>\n<\/div>\n<\/div>\n<\/div>\n<div class=\"WaaZC\">\n<div id=\"CUdpaLa-MPqZwbkP47784AM__63\" class=\"bsmXxe\">\n<div class=\"rPeykc\" data-hveid=\"CJYBEAE\" data-ved=\"2ahUKEwj25tTBhqaOAxX6TDABHWMfHzwQo_EKegUIlgEQAQ\"><span data-huuid=\"17903664752788062083\">En resumen, Threema es una opci\u00f3n s\u00f3lida para usuarios que priorizan la privacidad y la seguridad en sus comunicaciones, ofreciendo un enfoque diferente al de las aplicaciones de mensajer\u00eda m\u00e1s populares.<span class=\"pjBG2e\" data-cid=\"ff85fb7d-9311-42eb-8897-628545c194d0\"><span class=\"UV3uM\">\u00a0<\/span><\/span><\/span><\/div>\n<\/div>\n<\/div>\n<div class='smartthreema_box'><img src='https:\/\/tussimadrid.com\/wp-content\/plugins\/smart-threema\/images\/floating-button-threema-klein.png' class='smartthreema_img'><a href='https:\/\/three.ma\/JHXT6HHA' target='_blank' class='smartthreema_link'>Please Download Threema App<\/a><br><div class='smartthreema_minimsg'>to your Mobile Device and click again<\/div><\/div>","protected":false},"excerpt":{"rendered":"<p>A partir del 05-07-2025 por cuestiones de seguridad, problemas con Telegram, lentitud de Signal. &nbsp; +34617763108 \u2013 Threema: nuestro usuario: CJBZ5SZX &nbsp; DESCARGAR threema: http:\/\/shop.threema.ch \u2013 Comprar licencia de Threema por 6 euros DE POR VIDA. &nbsp; &nbsp; Threema es una\u00a0aplicaci\u00f3n de mensajer\u00eda segura y centrada en la privacidad, que se destaca por su cifrado [&hellip;]<\/p>\n","protected":false},"author":1,"featured_media":0,"parent":0,"menu_order":0,"comment_status":"closed","ping_status":"closed","template":"","meta":{"footnotes":""},"class_list":["post-75","page","type-page","status-publish","hentry"],"_links":{"self":[{"href":"https:\/\/tussimadrid.com\/index.php\/wp-json\/wp\/v2\/pages\/75","targetHints":{"allow":["GET"]}}],"collection":[{"href":"https:\/\/tussimadrid.com\/index.php\/wp-json\/wp\/v2\/pages"}],"about":[{"href":"https:\/\/tussimadrid.com\/index.php\/wp-json\/wp\/v2\/types\/page"}],"author":[{"embeddable":true,"href":"https:\/\/tussimadrid.com\/index.php\/wp-json\/wp\/v2\/users\/1"}],"replies":[{"embeddable":true,"href":"https:\/\/tussimadrid.com\/index.php\/wp-json\/wp\/v2\/comments?post=75"}],"version-history":[{"count":0,"href":"https:\/\/tussimadrid.com\/index.php\/wp-json\/wp\/v2\/pages\/75\/revisions"}],"wp:attachment":[{"href":"https:\/\/tussimadrid.com\/index.php\/wp-json\/wp\/v2\/media?parent=75"}],"curies":[{"name":"wp","href":"https:\/\/api.w.org\/{rel}","templated":true}]}}