{"id":21,"date":"2024-05-30T20:52:11","date_gmt":"2024-05-30T20:52:11","guid":{"rendered":"https:\/\/tussimadrid.com\/?page_id=21"},"modified":"2024-05-30T20:52:11","modified_gmt":"2024-05-30T20:52:11","slug":"metatags3","status":"publish","type":"page","link":"https:\/\/tussimadrid.com\/index.php\/metatags3\/","title":{"rendered":"metatags3"},"content":{"rendered":"<p>droga<br \/>\ndrogas la rebaja<br \/>\ntrzecia droga<br \/>\ntusi droga<br \/>\nkrokodil droga<br \/>\ncristal droga<br \/>\nk9 droga<br \/>\npopper droga<br \/>\nmd droga<br \/>\ncrack droga<br \/>\ndrogas la economia<br \/>\nlean droga<br \/>\nperico droga<br \/>\ndroga amsterdam tekst<br \/>\ndroga ay iwasan<br \/>\ndroga ay iwasan slogan<br \/>\ndroga artysty<br \/>\ndroga ay iwasan poster<br \/>\ndroga agency<br \/>\ndroga activo<br \/>\ndroga azul<br \/>\ndroga ang pag ibig lyrics<br \/>\nayahuasca droga<br \/>\na nova droga k9<br \/>\na droga da obedi\u00eancia pdf<br \/>\na droga meme<br \/>\na droga do amor cifra<br \/>\na droga da obedi\u00eancia resumo<br \/>\na droga da amizade<br \/>\na droga fora<br \/>\ndroga blanca<br \/>\ndroga bez powrotu cda<br \/>\ndroga balita<br \/>\ndroga bg<br \/>\ndroga bamba<br \/>\ndroga balao<br \/>\nbarkada kontra droga<br \/>\nbotones azules droga<br \/>\nbarkada kontra droga goals and activities<br \/>\nblues droga<br \/>\nbihar daroga<br \/>\nbala droga<br \/>\nbasuco droga colombiana<br \/>\nbolota droga<br \/>\nbad bunny la droga<br \/>\nbabciu droga babciu<br \/>\ndroga cristal<br \/>\ndroga krokodil<br \/>\ndroga clara<br \/>\ndroga chords<br \/>\ndroga canibal<br \/>\ndroga center<br \/>\ndroga color rosa<br \/>\ndroga crystal<br \/>\ndroga cristal en ingles<br \/>\ndroga caballo<br \/>\ncristal droga efectos<br \/>\ncrocodile droga<br \/>\ncupom droga raia<br \/>\ncual es la droga mas peligrosa<br \/>\ncinema city czerwona droga<br \/>\nchocolate droga<br \/>\nclonazepam droga<br \/>\ncaptagon droga<br \/>\ndroga del amor<br \/>\ndroga definicion<br \/>\ndroga drawing<br \/>\ndroga dhe pasojat e saj<br \/>\ndroga dwujezdniowa<br \/>\ndavid droga<br \/>\ndzika droga<br \/>\ndefinicion de droga<br \/>\ndoce droga<br \/>\ndatura droga<br \/>\ndopamina droga<br \/>\ndetenidos por droga ayer<br \/>\ndetenidos por droga hoy<br \/>\ndwujezdniowa droga<br \/>\ndmt droga<br \/>\ndroga emdi<br \/>\ndroga ekspresowa<br \/>\ndroga ekspresowa pr\u0119dko\u015b\u0107<br \/>\ndroga ekspresowa s7<br \/>\ndroga epekto<br \/>\ndroga en ingles<br \/>\ndroga ekspresowa s3<br \/>\ndroga essay tagalog<br \/>\ndroga ekspresowa s19<br \/>\ndroga ekspresowa jednojezdniowa<br \/>\nelsa droga<br \/>\neres mi droga<br \/>\nel alcohol es una droga<br \/>\nescopolamina droga<br \/>\nekstremalna droga krzy\u017cowa<br \/>\neroina droga<br \/>\nefedrina droga<br \/>\nekstremalna droga krzy\u017cowa 2023<br \/>\nefectos de la droga<br \/>\nel mate es una droga<br \/>\ndroga fentanilo<br \/>\ndroga farma<br \/>\ndroga fuji<br \/>\ndroga five<br \/>\ndroga flakka<br \/>\ndroga foto<br \/>\ndroga family<br \/>\ndroga fizyka<br \/>\ndroga fuerte para el dolor<br \/>\nfentanilo droga letal<br \/>\nfloripondio droga<br \/>\nflakka droga<br \/>\nfilm sulla droga<br \/>\nfilm droga<br \/>\nfentanilo droga zombie estados unidos<br \/>\nfentanilo droga zombi<br \/>\nfilm dzika droga<br \/>\nfotos de droga<br \/>\ndroga gisele<br \/>\ndroga gruntowa<br \/>\ndroga gateway<br \/>\ndroga gminna<br \/>\ndroga globo<br \/>\ndroga gif<br \/>\ndroga gato<br \/>\ndroga gota<br \/>\ndroga gay<br \/>\ndroga goals<br \/>\ndroga hambog ng sagpro lyrics<br \/>\ndroga hamowania<br \/>\ndroga hamowania przy 50 km\/h<br \/>\ndroga hamiltona<br \/>\ndroga hugot lines<br \/>\ndroga hamowania poci\u0105gu<br \/>\ndroga hamowania wz\u00f3r<br \/>\ndaroga height<br \/>\nheroina droga<br \/>\nhasis droga<br \/>\nhhc droga<br \/>\nheroina droga efectos<br \/>\nhistoria de la droga<br \/>\nhappy pills droga<br \/>\nhydro droga<br \/>\nhashi droga<br \/>\nhavoc droga<br \/>\nhach\u00eds droga caracteristicas<br \/>\ndroga ice<br \/>\ndroga inyectable<br \/>\ndaroga in english<br \/>\ndroga image<br \/>\ndroga il\u00edcita<br \/>\ndaroga in police<br \/>\ndroga indonesia<br \/>\ndaroga in hindi<br \/>\ndroga injetavel<br \/>\ndroga isyung panlipunan<br \/>\nitravil es droga<br \/>\nil\u00edcita droga<br \/>\ninyectable droga<br \/>\ninjetavel droga<br \/>\ndroga rede itauna<br \/>\ntusi droga what is it<br \/>\ni drogaria pacheco<br \/>\ni droga krzyzowa<br \/>\nwho is david droga<br \/>\nwhat is droga 5<br \/>\ndroga jednokierunkowa<br \/>\ndroga jobs<br \/>\ndroga jednokierunkowa znak<br \/>\ndroga jednojezdniowa<br \/>\ndroga jobs in bihar<br \/>\ndroga jobs salary per month<br \/>\ndaroga ji chori ho gayi<br \/>\ndroga jubileuszowa<br \/>\ndroga jednopasmowa<br \/>\ndroga jednokierunkowa po angielsku<br \/>\njarabe morado droga<br \/>\nje kratom droga<br \/>\njaco droga<br \/>\njenkem droga<br \/>\nje hhc droga<br \/>\njingle jangle droga<br \/>\njednojezdniowa droga ekspresowa<br \/>\njoint droga que es<br \/>\njasna g\u00f3ra droga krzy\u017cowa<br \/>\njerozolima droga krzy\u017cowa<br \/>\ndroga krzy\u017cowa<br \/>\ndroga kolinska<br \/>\ndroga krzy\u017cowa po angielsku<br \/>\ndroga krzy\u017cowa rozwa\u017cania<br \/>\ndroga krzy\u017cowa 2024<br \/>\ndroga k9<br \/>\ndroga krzy\u017cowa modlitwa<br \/>\ndroga kahulugan<br \/>\nketamin droga<br \/>\nk2 droga<br \/>\nk9 droga composi\u00e7\u00e3o<br \/>\nketch droga<br \/>\nkey droga<br \/>\nk9 droga zumbi<br \/>\nk9 nova droga<br \/>\nkandydaci trzecia droga<br \/>\ndroga la rebaja<br \/>\ndroga la economia<br \/>\ndroga lcd<br \/>\ndroga la rebaja domicilio<br \/>\ndroga lyrics<br \/>\ndroga leste<br \/>\ndroga lider<br \/>\ndroga la mona<br \/>\ndroga london<br \/>\ndaroga logo<br \/>\nla droga zombie<br \/>\nlolo droga<br \/>\nla piedra droga<br \/>\nla droga cristal<br \/>\nla droga crocodile<br \/>\nla droga que es<br \/>\nla drogadiccion en los jovenes<br \/>\ndroga md<br \/>\ndroga molly<br \/>\ndroga meaning<br \/>\ndroga mleczna<br \/>\ndroga meaning in english<br \/>\ndroga meaning tagalog<br \/>\ndroga muna bago bola<br \/>\ndroga mais<br \/>\ndroga meme<br \/>\nmolly droga<br \/>\nmorfina droga<br \/>\nmona droga<br \/>\nmabisang gamot sa droga<br \/>\nmoja droga ja ci\u0119 kocham<br \/>\nmdm droga<br \/>\nmda droga<br \/>\nmefe droga<br \/>\nmi droga favorita<br \/>\ndroga nexus<br \/>\ndroga nowoczesnego architekta<br \/>\ndroga news<br \/>\ndroga neokatechumenalna<br \/>\ndroga negra<br \/>\ndroga na harvard<br \/>\ndroga ne enderr<br \/>\ndroga nueva<br \/>\ndroga nova<br \/>\nnexus droga<br \/>\nnueva droga<br \/>\nnova droga<br \/>\nnueva droga en estados unidos<br \/>\nnoce moscata droga<br \/>\nnicotina es una droga<br \/>\nnova lei da droga<br \/>\nnova droga zumbi<br \/>\nnbome droga<br \/>\nnicotina droga<br \/>\ndroga opioide<br \/>\ndroga oxi<br \/>\ndroga oswalda balzera<br \/>\ndroga osiedlowa<br \/>\ndroga other term<br \/>\ndroga odmiana<br \/>\ndroga or droga<br \/>\ndroga o gamot<br \/>\noxycodone 5 mg es droga<br \/>\no que \u00e9 a droga k9<br \/>\nozempic droga raia<br \/>\noxycodone droga<br \/>\nos filhos da droga<br \/>\noxido nitroso droga<br \/>\noxicodona droga<br \/>\nossicodone droga<br \/>\no que \u00e9 lean droga<br \/>\noxitocina droga<br \/>\ndroga para la diarrea<br \/>\ndroga physiotherapy<br \/>\ndroga picture<br \/>\ndroga portoroz<br \/>\ndroga piedra<br \/>\ndroga popper<br \/>\ndroga publiczna<br \/>\ndroga p99<br \/>\ndroga poster<br \/>\npolvo rosa droga<br \/>\npiedra droga<br \/>\npartia trzecia droga<br \/>\nprogram wyborczy trzecia droga<br \/>\npcp droga<br \/>\npepa droga<br \/>\npolen droga<br \/>\npaco droga<br \/>\ndroga quinze<br \/>\ndroga quotes<br \/>\ndroga que es<br \/>\ndroga quinze sjc<br \/>\ndroga que se huele<br \/>\ndroga q se quema en cuchara<br \/>\ndroga que te hace escuchar voces<br \/>\ndroga quimica<br \/>\ndroga que te hace alucinar<br \/>\ndroga que parece chicle<br \/>\nque es una droga<br \/>\nque es el cristal droga<br \/>\nque es la droga<br \/>\nqu\u00e9 es tusi droga<br \/>\nque es perico droga<br \/>\nque tipo de droga es la marihuana<br \/>\nque es cristal droga<br \/>\nque es la droga fentanilo<br \/>\nque es la cocaina droga<br \/>\nque es una sobredosis de droga<br \/>\ndroga rotterdam tekst<br \/>\ndroga raia telefone<br \/>\ndroga rosa<br \/>\ndroga raia teste dengue<br \/>\ndroga raia cupom<br \/>\ndroga rosada<br \/>\ndroga raia brasilia<br \/>\ndroga raia trabalhe conosco<br \/>\ndroga raia teste covid<br \/>\nrosa pastel droga<br \/>\nruedas droga<br \/>\nrap\u00e9 droga efectos<br \/>\nrap\u00e9 droga<br \/>\nrebite droga<br \/>\nrap\u00e9 \u00e9 droga<br \/>\nritalin droga<br \/>\nroterdam droga<br \/>\nrosin droga<br \/>\ndroga sint\u00e9tica<br \/>\ndroga sanaysay<br \/>\ndroga slogan<br \/>\ndroga slogan tagalog<br \/>\ndroga s3<br \/>\ndroga s7<br \/>\ndroga spanish<br \/>\ndroga significado<br \/>\ndroga shqip<br \/>\nspeed droga<br \/>\nskank droga<br \/>\nslogan tungkol sa droga<br \/>\nskunk droga<br \/>\ns7 droga<br \/>\nsnus droga<br \/>\nshabu droga<br \/>\ns3 droga<br \/>\ns8 droga<br \/>\nspice droga<br \/>\ndroga tusi<br \/>\ndroga tina<br \/>\ndroga tusi efectos secundarios<br \/>\ndroga talumpati<br \/>\ndroga test<br \/>\ndroga tula<br \/>\ndroga tagalog<br \/>\ndroga test policija<br \/>\ndroga the explorer<br \/>\ndroga trolli<br \/>\ntalumpati tungkol sa droga<br \/>\ntuci droga<br \/>\ntachas droga<br \/>\ntranq droga<br \/>\ntina droga<br \/>\ntrzecia droga kandydaci<br \/>\ntipos de droga<br \/>\ntelefone droga raia<br \/>\ndroga utwardzona<br \/>\ndroga usa<br \/>\ndroga uzice soundcloud<br \/>\ndroga uzice golub<br \/>\ndroga u pice tekst<br \/>\ndroga u islamu<br \/>\ndroga ucieczki film<br \/>\ndroga u urinu<br \/>\ndroga u splitu<br \/>\nuri ng droga<br \/>\nu\u00f1a me\u00f1ique larga droga<br \/>\nuna droga<br \/>\nusa droga zombie<br \/>\nutwardzona droga<br \/>\nunha do mindinho grande droga<br \/>\nupiorna droga klucz<br \/>\nusa droga<br \/>\nunghia mignolo lunga droga<br \/>\nuna droga orientale<br \/>\ndroga vet<br \/>\ndroga vizatim<br \/>\ndroga vasoativa<br \/>\ndroga verde<br \/>\ndroga ven<br \/>\ndroga vida<br \/>\ndroga vegetal<br \/>\ndroga ven araraquara<br \/>\ndroga visual<br \/>\ndroga varese<br \/>\nvrste droga<br \/>\nvalium droga<br \/>\nviciante tipo a droga mais pura<br \/>\nviagra droga<br \/>\nveneno de sapo droga<br \/>\nvacina dengue droga raia<br \/>\nvgt droga<br \/>\nviciei que droga<br \/>\nvicks medinait droga<br \/>\nviva la droga<br \/>\ndroga wewn\u0119trzna definicja<br \/>\ndroga w ruchu jednostajnie przyspieszonym<br \/>\ndroga wikipedia shqip<br \/>\ndroga wzrokowa<br \/>\ndroga wikipedija<br \/>\ndroga wewn\u0119trzna country<br \/>\ndroga wife<br \/>\ndroga wojew\u00f3dzka<br \/>\ndroga w ruchu jednostajnie op\u00f3\u017anionym<br \/>\ndroga wewn\u0119trzna language<br \/>\nwax droga<br \/>\nwhat is barkada kontra droga<br \/>\nwhatsapp droga raia<br \/>\nweed droga<br \/>\nwhat&#8217;s droga<br \/>\nwielki pi\u0105tek droga krzy\u017cowa<br \/>\nwarszawa trzecia droga<br \/>\nwax amici droga<br \/>\ndroga zombie<br \/>\ndroga zombie como se llama<br \/>\ndroga zumbi<br \/>\ndroga zombie usa<br \/>\ndroga z pierwsze\u0144stwem<br \/>\ndroga za frontem krzy\u017c\u00f3wka<br \/>\ndroga zombie america<br \/>\ndroga z szyn krzy\u017c\u00f3wka<br \/>\nxanax droga<br \/>\nxtc droga<br \/>\nxilazina droga<br \/>\nxylazine droga<br \/>\nxtasis droga<br \/>\nxilacina droga<br \/>\nxuxas droga<br \/>\nxilacina droga zombie<br \/>\nxuxas traficante droga<br \/>\nxilazina droga zombie<br \/>\ndroga y alcohol<br \/>\ndroga y cheve<br \/>\ndroga yaba<br \/>\ndrake yolo<br \/>\ndrone yojana<br \/>\ndrone yaw<br \/>\ndrone you can ride<br \/>\ndrone youtube<br \/>\ndrone yaw pitch roll<br \/>\ndrone you can fly in<br \/>\nyerba mate es droga<br \/>\nyaba droga<br \/>\nyoutube droga krzyzowa<br \/>\nyeyo droga<br \/>\nyesca droga<br \/>\nyage droga<br \/>\nyeyo significado droga<br \/>\nyonkis droga<br \/>\nyaba droga wikipedia<br \/>\nzaza droga<br \/>\nzombie droga<br \/>\nzakon o suzbijanju zlouporabe droga<br \/>\nznak droga jednokierunkowa<br \/>\nzakopianka droga<br \/>\nznak droga z pierwsze\u0144stwem<br \/>\nznak droga ekspresowa<br \/>\nzolpidem droga<br \/>\nzaza droga que es<br \/>\nzablokowana droga s7 dzisiaj<br \/>\n007 droga do miliona<br \/>\n0800 droga raia<br \/>\n0800 droga center<br \/>\ndroga leste 03<br \/>\nwspolna droga 02<br \/>\ndroga raia telefone 0800<br \/>\ncod-02 droga raia<br \/>\ndroga raia ozempic 0 25<br \/>\ndroga leste 07<br \/>\ndroga leste 09<br \/>\n05-850 mory wsp\u00f3lna droga 1<br \/>\n0 drogas<br \/>\ntansulosina 0 4mg pre\u00e7o drogasil<br \/>\n08 droga<br \/>\ndroga senna qi 06<br \/>\ndroga 128<br \/>\ndroga 15<br \/>\ndroga 10<br \/>\ndroga 100 zakr\u0119t\u00f3w<br \/>\ndroga 13<br \/>\ndroga 1000<br \/>\ndroga 15 sjc<br \/>\ndroga 128 jaki przemys\u0142<br \/>\ndroga 11<br \/>\ndroga 11 czechy czy p\u0142atna<br \/>\n1 gramo de cristal droga<br \/>\n11 toneladas de droga incautadas<br \/>\n11 droga \u017cycia<br \/>\n10 tipos de droga<br \/>\n12b droga<br \/>\n15 anni la droga iene<br \/>\n12 gwarancji trzecia droga<br \/>\n19 krajowa droga<br \/>\n15 droga<br \/>\n12 droga<br \/>\ndroga 2c<br \/>\ndroga 2009 cda<br \/>\ndaroga 2023 question paper<br \/>\ndaroga 2<br \/>\ndaroga 2024 cut off<br \/>\ndaroga 2023 result<br \/>\ndaroga 2024<br \/>\ndaroga 2023 cut off<br \/>\ndroga 250<br \/>\n2c droga<br \/>\n2cv droga<br \/>\n2cd droga<br \/>\n25i nbome droga<br \/>\n25 droga<br \/>\n2ci droga<br \/>\n2cb droga rosa<br \/>\n2l droga<br \/>\n214 droga<br \/>\n22 droga<br \/>\ndroga 3m<br \/>\ndroga 372<br \/>\ndroga 372 wroc\u0142aw<br \/>\ndroga 35 utrudnienia<br \/>\ndroga 387<br \/>\ndroga 35<br \/>\ndroga 32<br \/>\ndroga 35 czechy<br \/>\ndroga 323<br \/>\ndroga 36<br \/>\n3mmc droga<br \/>\n3cia droga<br \/>\n3 tipos de droga<br \/>\n33 droga zycia<br \/>\n387 droga<br \/>\n3 droga kandydaci<br \/>\n3 droga lista warszawa<br \/>\n3 droga wybory<br \/>\n3 drogas depresoras<br \/>\n3 drogas legales<br \/>\ndroga 46<br \/>\ndroga 44 czechy<br \/>\ndroga 44<br \/>\ndroga 42<br \/>\ndroga 46 utrudnienia<br \/>\ndroga 47<br \/>\ndroga 420<br \/>\ndroga 48<br \/>\ndaroga 4k<br \/>\ndroga 434<br \/>\n420 droga<br \/>\n4 toneladas de droga incautadas<br \/>\n43 droga<br \/>\n473 droga wojew\u00f3dzka<br \/>\n4 tipos de droga<br \/>\n45 droga<br \/>\n47 droga<br \/>\n463 droga<br \/>\n4 cmc droga<br \/>\ndroga5 london<br \/>\ndroga5 jobs<br \/>\ndroga5 logo<br \/>\ndroga 512<br \/>\ndroga5 accenture<br \/>\ndroga 5 in 10<br \/>\ndroga5 offices<br \/>\ndroga5 new york times<br \/>\n512 droga<br \/>\n512 que es droga<br \/>\n50 pasmowa droga w chinach<br \/>\n5 12 droga efectos<br \/>\n579 droga<br \/>\n500+ trzecia droga<br \/>\n52 droga<br \/>\n500 plus trzecia droga<br \/>\n5 tipos de droga<br \/>\n50 droga<br \/>\ndroga 66<br \/>\ndroga 66 w usa<br \/>\ndroga 604 dol<br \/>\ndroga 63<br \/>\ndroga 604<br \/>\ndroga 635 halin\u00f3w<br \/>\ndroga 66 mapa<br \/>\ndroga 631<br \/>\ndroga 634<br \/>\ndroga 61<br \/>\n602 que es droga<br \/>\n631 droga<br \/>\n64-600 oborniki droga le\u015bna 92<br \/>\n6 mam droga<br \/>\n694 droga<br \/>\n66 droga usa<br \/>\n604 droga<br \/>\n61 droga<br \/>\n637 droga<br \/>\n629 droga<br \/>\ndroga 79<br \/>\ndroga 721<br \/>\ndroga 78<br \/>\ndroga 721 bis mapa<br \/>\ndroga 721 piaseczno konstancin<br \/>\ndroga 74<br \/>\ndroga 73<br \/>\ndroga 75<br \/>\ndroga 747<br \/>\n701 droga<br \/>\n7p droga<br \/>\n75 droga<br \/>\n7 nani effetti droga<br \/>\n721 droga<br \/>\n7 nani droga<br \/>\n7 nani sintomi della droga<br \/>\n79 droga<br \/>\n77 droga<br \/>\n794 droga<br \/>\ndroga 801<br \/>\ndroga 86<br \/>\ndroga 88<br \/>\ndroga 816<br \/>\ndroga 835<br \/>\ndroga 81<br \/>\ndroga 801 remont<br \/>\ndroga 81 pr\u0119dko\u015b\u0107<br \/>\ndroga 878<br \/>\n801 droga<br \/>\n898 droga<br \/>\n8 ball droga<br \/>\n835 droga<br \/>\n86 droga<br \/>\n88 droga<br \/>\n877 droga<br \/>\n878 droga<br \/>\n800 plus trzecia droga<br \/>\n858 droga<br \/>\ndroga 92<br \/>\ndroga 94<br \/>\ndroga 91<br \/>\ndaroga 9 face wash<br \/>\ndroga 92 zablokowana dzisiaj<br \/>\ndroga 92 utrudnienia<br \/>\ndroga 925<br \/>\ndroga 925 remont<br \/>\ndroga 94 krak\u00f3w-olkusz<br \/>\ndroga 902<br \/>\n99 droga<br \/>\n94 droga<br \/>\n911 droga wojew\u00f3dzka<br \/>\n935 droga<br \/>\n92 droga<br \/>\n987 droga<br \/>\n958 droga<br \/>\n9k droga<br \/>\n975 jaka to droga<br \/>\n942 droga<\/p>\n<div class='smartthreema_box'><img src='https:\/\/tussimadrid.com\/wp-content\/plugins\/smart-threema\/images\/floating-button-threema-klein.png' class='smartthreema_img'><a href='https:\/\/three.ma\/JHXT6HHA' target='_blank' class='smartthreema_link'>Please Download Threema App<\/a><br><div class='smartthreema_minimsg'>to your Mobile Device and click again<\/div><\/div>","protected":false},"excerpt":{"rendered":"<p>droga drogas la rebaja trzecia droga tusi droga krokodil droga cristal droga k9 droga popper droga md droga crack droga drogas la economia lean droga perico droga droga amsterdam tekst droga ay iwasan droga ay iwasan slogan droga artysty droga ay iwasan poster droga agency droga activo droga azul droga ang pag ibig lyrics ayahuasca [&hellip;]<\/p>\n","protected":false},"author":1,"featured_media":0,"parent":0,"menu_order":0,"comment_status":"closed","ping_status":"closed","template":"","meta":{"footnotes":""},"class_list":["post-21","page","type-page","status-publish","hentry"],"_links":{"self":[{"href":"https:\/\/tussimadrid.com\/index.php\/wp-json\/wp\/v2\/pages\/21","targetHints":{"allow":["GET"]}}],"collection":[{"href":"https:\/\/tussimadrid.com\/index.php\/wp-json\/wp\/v2\/pages"}],"about":[{"href":"https:\/\/tussimadrid.com\/index.php\/wp-json\/wp\/v2\/types\/page"}],"author":[{"embeddable":true,"href":"https:\/\/tussimadrid.com\/index.php\/wp-json\/wp\/v2\/users\/1"}],"replies":[{"embeddable":true,"href":"https:\/\/tussimadrid.com\/index.php\/wp-json\/wp\/v2\/comments?post=21"}],"version-history":[{"count":0,"href":"https:\/\/tussimadrid.com\/index.php\/wp-json\/wp\/v2\/pages\/21\/revisions"}],"wp:attachment":[{"href":"https:\/\/tussimadrid.com\/index.php\/wp-json\/wp\/v2\/media?parent=21"}],"curies":[{"name":"wp","href":"https:\/\/api.w.org\/{rel}","templated":true}]}}